{"id":458,"date":"2022-12-12T21:03:00","date_gmt":"2022-12-12T21:03:00","guid":{"rendered":"https:\/\/startertemplatecloud.com\/sb01\/?page_id=458"},"modified":"2026-03-05T10:50:29","modified_gmt":"2026-03-05T10:50:29","slug":"faqs","status":"publish","type":"page","link":"https:\/\/www.mamachoko.com\/fr\/faqs\/","title":{"rendered":"FAQ&#8217;s"},"content":{"rendered":"<p><\/p>\n\n\n\n<div style=\"height:151px\" aria-hidden=\"true\" class=\"wp-block-spacer\"><\/div>\n\n\n\n<h2 class=\"wp-block-heading\">FAQ<\/h2>\n\n\n<style>.kb-row-layout-id458_aeecba-62 > .kt-row-column-wrap{align-content:center;}:where(.kb-row-layout-id458_aeecba-62 > .kt-row-column-wrap) > .wp-block-kadence-column{justify-content:center;}.kb-row-layout-id458_aeecba-62 > .kt-row-column-wrap{column-gap:var(--global-kb-gap-lg, 4rem);row-gap:var(--global-kb-gap-none, 0rem );max-width:var( --global-content-width, 1475px );padding-left:var(--global-content-edge-padding);padding-right:var(--global-content-edge-padding);padding-top:var(--global-kb-spacing-xxs, 0.5rem);padding-bottom:var(--global-kb-spacing-xxs, 0.5rem);grid-template-columns:minmax(0, calc(55% - ((var(--global-kb-gap-lg, 4rem) * 1 )\/2)))minmax(0, calc(45% - ((var(--global-kb-gap-lg, 4rem) * 1 )\/2)));}.kb-row-layout-id458_aeecba-62{background-color:#dceee8;}.kb-row-layout-id458_aeecba-62 > .kt-row-layout-overlay{opacity:1;}@media all and (max-width: 1024px){.kb-row-layout-id458_aeecba-62 > .kt-row-column-wrap{column-gap:var(--global-kb-gap-md, 2rem);padding-top:var(--global-kb-spacing-3xl, 6.5rem);padding-bottom:var(--global-kb-spacing-3xl, 6.5rem);grid-template-columns:repeat(2, minmax(0, 1fr));}}@media all and (max-width: 767px){.kb-row-layout-id458_aeecba-62 > .kt-row-column-wrap{padding-top:var(--global-kb-spacing-3xl, 6.5rem);padding-bottom:var(--global-kb-spacing-xl, 4rem);grid-template-columns:minmax(0, 1fr);}}<\/style><div class=\"kb-row-layout-wrap kb-row-layout-id458_aeecba-62 alignfull kt-row-has-bg wp-block-kadence-rowlayout\"><div class=\"kt-row-column-wrap kt-has-2-columns kt-row-layout-equal kt-tab-layout-inherit kt-mobile-layout-row kt-row-valign-middle kb-theme-content-width\">\n<style>.kadence-column458_cd46a5-c3 > .kt-inside-inner-col,.kadence-column458_cd46a5-c3 > .kt-inside-inner-col:before{border-top-left-radius:0px;border-top-right-radius:0px;border-bottom-right-radius:0px;border-bottom-left-radius:0px;}.kadence-column458_cd46a5-c3 > .kt-inside-inner-col{column-gap:var(--global-kb-gap-sm, 1rem);}.kadence-column458_cd46a5-c3 > .kt-inside-inner-col{flex-direction:column;}.kadence-column458_cd46a5-c3 > .kt-inside-inner-col > .aligncenter{width:100%;}.kadence-column458_cd46a5-c3 > .kt-inside-inner-col{background-color:#f7ecf0;}.kadence-column458_cd46a5-c3 > .kt-inside-inner-col:before{opacity:0.3;}.kadence-column458_cd46a5-c3{position:relative;}@media all and (max-width: 1024px){.kadence-column458_cd46a5-c3 > .kt-inside-inner-col{flex-direction:column;justify-content:center;}}@media all and (max-width: 767px){.kadence-column458_cd46a5-c3 > .kt-inside-inner-col{flex-direction:column;justify-content:center;}}<\/style>\n<div class=\"wp-block-kadence-column kadence-column458_cd46a5-c3 inner-column-2\"><div class=\"kt-inside-inner-col\"><style>.kb-image458_f5ed91-52.kb-image-is-ratio-size, .kb-image458_f5ed91-52 .kb-image-is-ratio-size{max-width:696px;width:100%;}.wp-block-kadence-column > .kt-inside-inner-col > .kb-image458_f5ed91-52.kb-image-is-ratio-size, .wp-block-kadence-column > .kt-inside-inner-col > .kb-image458_f5ed91-52 .kb-image-is-ratio-size{align-self:unset;}.kb-image458_f5ed91-52 figure{max-width:696px;}.kb-image458_f5ed91-52 .image-is-svg, .kb-image458_f5ed91-52 .image-is-svg img{width:100%;}.kb-image458_f5ed91-52 .kb-image-has-overlay:after{opacity:0.3;border-top-left-radius:15px;border-top-right-radius:15px;border-bottom-right-radius:15px;border-bottom-left-radius:15px;}.kb-image458_f5ed91-52 img.kb-img, .kb-image458_f5ed91-52 .kb-img img{background-color:#f8f2f2;border-top-left-radius:15px;border-top-right-radius:15px;border-bottom-right-radius:15px;border-bottom-left-radius:15px;object-position:56.00000000000001% 54%;}@media all and (max-width: 767px){.wp-block-kadence-image.kb-image458_f5ed91-52:not(.kb-specificity-added):not(.kb-extra-specificity-added){margin-right:0px;margin-left:0px;}}<\/style>\n<div class=\"wp-block-kadence-image kb-image458_f5ed91-52\"><figure class=\"aligncenter size-full\"><img loading=\"lazy\" decoding=\"async\" width=\"1707\" height=\"2560\" src=\"https:\/\/www.mamachoko.com\/wp-content\/uploads\/2026\/02\/photo-shoot-cremat5-scaled.jpg\" alt=\"white plate with 3 brigadeiros in the center\" class=\"kb-img wp-image-2062\" srcset=\"https:\/\/www.mamachoko.com\/wp-content\/uploads\/2026\/02\/photo-shoot-cremat5-scaled.jpg 1707w, https:\/\/www.mamachoko.com\/wp-content\/uploads\/2026\/02\/photo-shoot-cremat5-200x300.jpg 200w, https:\/\/www.mamachoko.com\/wp-content\/uploads\/2026\/02\/photo-shoot-cremat5-683x1024.jpg 683w, https:\/\/www.mamachoko.com\/wp-content\/uploads\/2026\/02\/photo-shoot-cremat5-768x1152.jpg 768w, https:\/\/www.mamachoko.com\/wp-content\/uploads\/2026\/02\/photo-shoot-cremat5-1024x1536.jpg 1024w, https:\/\/www.mamachoko.com\/wp-content\/uploads\/2026\/02\/photo-shoot-cremat5-1365x2048.jpg 1365w, https:\/\/www.mamachoko.com\/wp-content\/uploads\/2026\/02\/photo-shoot-cremat5-8x12.jpg 8w, https:\/\/www.mamachoko.com\/wp-content\/uploads\/2026\/02\/photo-shoot-cremat5-600x900.jpg 600w\" sizes=\"auto, (max-width: 1707px) 100vw, 1707px\" \/><\/figure><\/div>\n<\/div><\/div>\n\n\n<style>.kadence-column458_aa69fe-67 > .kt-inside-inner-col{display:flex;}.kadence-column458_aa69fe-67 > .kt-inside-inner-col,.kadence-column458_aa69fe-67 > .kt-inside-inner-col:before{border-top-left-radius:0px;border-top-right-radius:0px;border-bottom-right-radius:0px;border-bottom-left-radius:0px;}.kadence-column458_aa69fe-67 > .kt-inside-inner-col{column-gap:var(--global-kb-gap-sm, 1rem);}.kadence-column458_aa69fe-67 > .kt-inside-inner-col{flex-direction:column-reverse;}.kadence-column458_aa69fe-67 > .kt-inside-inner-col > .aligncenter{width:100%;}.kadence-column458_aa69fe-67 > .kt-inside-inner-col{background-color:#f7ecf0;}.kadence-column458_aa69fe-67 > .kt-inside-inner-col:before{opacity:0.3;}.kadence-column458_aa69fe-67{position:relative;}@media all and (max-width: 1024px){.kadence-column458_aa69fe-67 > .kt-inside-inner-col{flex-direction:column-reverse;justify-content:center;}}@media all and (max-width: 767px){.kadence-column458_aa69fe-67 > .kt-inside-inner-col{flex-direction:column-reverse;justify-content:center;}}<\/style>\n<div class=\"wp-block-kadence-column kadence-column458_aa69fe-67 kb-section-dir-vertical-reverse\"><div class=\"kt-inside-inner-col\"><style>.kt-accordion-id458_6f0138-44 .kt-accordion-inner-wrap{column-gap:var(--global-kb-gap-md, 2rem);row-gap:8px;}.kt-accordion-id458_6f0138-44 .kt-accordion-panel-inner{border-top:0px solid transparent;border-right:0px solid transparent;border-bottom:0px solid transparent;border-left:0px solid transparent;background:#ffffff;padding-top:var(--global-kb-spacing-sm, 1.5rem);padding-right:var(--global-kb-spacing-sm, 1.5rem);padding-bottom:var(--global-kb-spacing-sm, 1.5rem);padding-left:var(--global-kb-spacing-sm, 1.5rem);}.kt-accordion-id458_6f0138-44 > .kt-accordion-inner-wrap > .wp-block-kadence-pane > .kt-accordion-header-wrap > .kt-blocks-accordion-header{border-top:0px solid #f2f2f2;border-right:0px solid #f2f2f2;border-bottom:4px solid #f2f2f2;border-left:0px solid #f2f2f2;border-top-left-radius:0px;border-top-right-radius:0px;border-bottom-right-radius:0px;border-bottom-left-radius:0px;background:#ffffff;color:#444444;padding-top:14px;padding-right:10px;padding-bottom:6px;padding-left:16px;}.kt-accordion-id458_6f0138-44:not( .kt-accodion-icon-style-basiccircle ):not( .kt-accodion-icon-style-xclosecircle ):not( .kt-accodion-icon-style-arrowcircle )  > .kt-accordion-inner-wrap > .wp-block-kadence-pane > .kt-accordion-header-wrap .kt-blocks-accordion-icon-trigger:after, .kt-accordion-id458_6f0138-44:not( .kt-accodion-icon-style-basiccircle ):not( .kt-accodion-icon-style-xclosecircle ):not( .kt-accodion-icon-style-arrowcircle )  > .kt-accordion-inner-wrap > .wp-block-kadence-pane > .kt-accordion-header-wrap .kt-blocks-accordion-icon-trigger:before{background:#444444;}.kt-accordion-id458_6f0138-44:not( .kt-accodion-icon-style-basic ):not( .kt-accodion-icon-style-xclose ):not( .kt-accodion-icon-style-arrow ) .kt-blocks-accordion-icon-trigger{background:#444444;}.kt-accordion-id458_6f0138-44:not( .kt-accodion-icon-style-basic ):not( .kt-accodion-icon-style-xclose ):not( .kt-accodion-icon-style-arrow ) .kt-blocks-accordion-icon-trigger:after, .kt-accordion-id458_6f0138-44:not( .kt-accodion-icon-style-basic ):not( .kt-accodion-icon-style-xclose ):not( .kt-accodion-icon-style-arrow ) .kt-blocks-accordion-icon-trigger:before{background:#ffffff;}.kt-accordion-id458_6f0138-44 > .kt-accordion-inner-wrap > .wp-block-kadence-pane > .kt-accordion-header-wrap > .kt-blocks-accordion-header:hover, \n\t\t\t\tbody:not(.hide-focus-outline) .kt-accordion-id458_6f0138-44 .kt-blocks-accordion-header:focus-visible{color:#444444;background:#ffffff;border-top-color:#eeeeee;border-top-style:solid;border-right-color:#eeeeee;border-right-style:solid;border-bottom-color:#eeeeee;border-bottom-style:solid;border-left-color:#eeeeee;border-left-style:solid;}.kt-accordion-id458_6f0138-44:not( .kt-accodion-icon-style-basiccircle ):not( .kt-accodion-icon-style-xclosecircle ):not( .kt-accodion-icon-style-arrowcircle ) .kt-accordion-header-wrap .kt-blocks-accordion-header:hover .kt-blocks-accordion-icon-trigger:after, .kt-accordion-id458_6f0138-44:not( .kt-accodion-icon-style-basiccircle ):not( .kt-accodion-icon-style-xclosecircle ):not( .kt-accodion-icon-style-arrowcircle ) .kt-accordion-header-wrap .kt-blocks-accordion-header:hover .kt-blocks-accordion-icon-trigger:before, body:not(.hide-focus-outline) .kt-accordion-id458_6f0138-44:not( .kt-accodion-icon-style-basiccircle ):not( .kt-accodion-icon-style-xclosecircle ):not( .kt-accodion-icon-style-arrowcircle ) .kt-blocks-accordion--visible .kt-blocks-accordion-icon-trigger:after, body:not(.hide-focus-outline) .kt-accordion-id458_6f0138-44:not( .kt-accodion-icon-style-basiccircle ):not( .kt-accodion-icon-style-xclosecircle ):not( .kt-accodion-icon-style-arrowcircle ) .kt-blocks-accordion-header:focus-visible .kt-blocks-accordion-icon-trigger:before{background:#444444;}.kt-accordion-id458_6f0138-44:not( .kt-accodion-icon-style-basic ):not( .kt-accodion-icon-style-xclose ):not( .kt-accodion-icon-style-arrow ) .kt-accordion-header-wrap .kt-blocks-accordion-header:hover .kt-blocks-accordion-icon-trigger, body:not(.hide-focus-outline) .kt-accordion-id458_6f0138-44:not( .kt-accodion-icon-style-basic ):not( .kt-accodion-icon-style-xclose ):not( .kt-accodion-icon-style-arrow ) .kt-accordion-header-wrap .kt-blocks-accordion-header:focus-visible .kt-blocks-accordion-icon-trigger{background:#444444;}.kt-accordion-id458_6f0138-44:not( .kt-accodion-icon-style-basic ):not( .kt-accodion-icon-style-xclose ):not( .kt-accodion-icon-style-arrow ) .kt-accordion-header-wrap .kt-blocks-accordion-header:hover .kt-blocks-accordion-icon-trigger:after, .kt-accordion-id458_6f0138-44:not( .kt-accodion-icon-style-basic ):not( .kt-accodion-icon-style-xclose ):not( .kt-accodion-icon-style-arrow ) .kt-accordion-header-wrap .kt-blocks-accordion-header:hover .kt-blocks-accordion-icon-trigger:before, body:not(.hide-focus-outline) .kt-accordion-id458_6f0138-44:not( .kt-accodion-icon-style-basic ):not( .kt-accodion-icon-style-xclose ):not( .kt-accodion-icon-style-arrow ) .kt-accordion-header-wrap .kt-blocks-accordion-header:focus-visible .kt-blocks-accordion-icon-trigger:after, body:not(.hide-focus-outline) .kt-accordion-id458_6f0138-44:not( .kt-accodion-icon-style-basic ):not( .kt-accodion-icon-style-xclose ):not( .kt-accodion-icon-style-arrow ) .kt-accordion-header-wrap .kt-blocks-accordion-header:focus-visible .kt-blocks-accordion-icon-trigger:before{background:#ffffff;}.kt-accordion-id458_6f0138-44 .kt-accordion-header-wrap .kt-blocks-accordion-header:focus-visible,\n\t\t\t\t.kt-accordion-id458_6f0138-44 > .kt-accordion-inner-wrap > .wp-block-kadence-pane > .kt-accordion-header-wrap > .kt-blocks-accordion-header.kt-accordion-panel-active{color:#333333;background:#ffffff;border-top-color:#0e9cd1;border-top-style:solid;border-right-color:#0e9cd1;border-right-style:solid;border-bottom-color:#0e9cd1;border-bottom-style:solid;border-left-color:#0e9cd1;border-left-style:solid;}.kt-accordion-id458_6f0138-44:not( .kt-accodion-icon-style-basiccircle ):not( .kt-accodion-icon-style-xclosecircle ):not( .kt-accodion-icon-style-arrowcircle )  > .kt-accordion-inner-wrap > .wp-block-kadence-pane > .kt-accordion-header-wrap > .kt-blocks-accordion-header.kt-accordion-panel-active .kt-blocks-accordion-icon-trigger:after, .kt-accordion-id458_6f0138-44:not( .kt-accodion-icon-style-basiccircle ):not( .kt-accodion-icon-style-xclosecircle ):not( .kt-accodion-icon-style-arrowcircle )  > .kt-accordion-inner-wrap > .wp-block-kadence-pane > .kt-accordion-header-wrap > .kt-blocks-accordion-header.kt-accordion-panel-active .kt-blocks-accordion-icon-trigger:before{background:#333333;}.kt-accordion-id458_6f0138-44:not( .kt-accodion-icon-style-basic ):not( .kt-accodion-icon-style-xclose ):not( .kt-accodion-icon-style-arrow ) .kt-blocks-accordion-header.kt-accordion-panel-active .kt-blocks-accordion-icon-trigger{background:#333333;}.kt-accordion-id458_6f0138-44:not( .kt-accodion-icon-style-basic ):not( .kt-accodion-icon-style-xclose ):not( .kt-accodion-icon-style-arrow ) .kt-blocks-accordion-header.kt-accordion-panel-active .kt-blocks-accordion-icon-trigger:after, .kt-accordion-id458_6f0138-44:not( .kt-accodion-icon-style-basic ):not( .kt-accodion-icon-style-xclose ):not( .kt-accodion-icon-style-arrow ) .kt-blocks-accordion-header.kt-accordion-panel-active .kt-blocks-accordion-icon-trigger:before{background:#ffffff;}@media all and (max-width: 1024px){.kt-accordion-id458_6f0138-44 .kt-accordion-panel-inner{border-top:0px solid transparent;border-right:0px solid transparent;border-bottom:0px solid transparent;border-left:0px solid transparent;}}@media all and (max-width: 1024px){.kt-accordion-id458_6f0138-44 > .kt-accordion-inner-wrap > .wp-block-kadence-pane > .kt-accordion-header-wrap > .kt-blocks-accordion-header{border-top:0px solid #f2f2f2;border-right:0px solid #f2f2f2;border-bottom:4px solid #f2f2f2;border-left:0px solid #f2f2f2;}}@media all and (max-width: 1024px){.kt-accordion-id458_6f0138-44 > .kt-accordion-inner-wrap > .wp-block-kadence-pane > .kt-accordion-header-wrap > .kt-blocks-accordion-header:hover, \n\t\t\t\tbody:not(.hide-focus-outline) .kt-accordion-id458_6f0138-44 .kt-blocks-accordion-header:focus-visible{border-top-color:#eeeeee;border-top-style:solid;border-right-color:#eeeeee;border-right-style:solid;border-bottom-color:#eeeeee;border-bottom-style:solid;border-left-color:#eeeeee;border-left-style:solid;}}@media all and (max-width: 1024px){.kt-accordion-id458_6f0138-44 .kt-accordion-header-wrap .kt-blocks-accordion-header:focus-visible,\n\t\t\t\t.kt-accordion-id458_6f0138-44 > .kt-accordion-inner-wrap > .wp-block-kadence-pane > .kt-accordion-header-wrap > .kt-blocks-accordion-header.kt-accordion-panel-active{border-top-color:#0e9cd1;border-top-style:solid;border-right-color:#0e9cd1;border-right-style:solid;border-bottom-color:#0e9cd1;border-bottom-style:solid;border-left-color:#0e9cd1;border-left-style:solid;}}@media all and (max-width: 767px){.kt-accordion-id458_6f0138-44 .kt-accordion-inner-wrap{display:block;}.kt-accordion-id458_6f0138-44 .kt-accordion-inner-wrap .kt-accordion-pane:not(:first-child){margin-top:8px;}.kt-accordion-id458_6f0138-44 .kt-accordion-panel-inner{border-top:0px solid transparent;border-right:0px solid transparent;border-bottom:0px solid transparent;border-left:0px solid transparent;}.kt-accordion-id458_6f0138-44 > .kt-accordion-inner-wrap > .wp-block-kadence-pane > .kt-accordion-header-wrap > .kt-blocks-accordion-header{border-top:0px solid #f2f2f2;border-right:0px solid #f2f2f2;border-bottom:4px solid #f2f2f2;border-left:0px solid #f2f2f2;}.kt-accordion-id458_6f0138-44 > .kt-accordion-inner-wrap > .wp-block-kadence-pane > .kt-accordion-header-wrap > .kt-blocks-accordion-header:hover, \n\t\t\t\tbody:not(.hide-focus-outline) .kt-accordion-id458_6f0138-44 .kt-blocks-accordion-header:focus-visible{border-top-color:#eeeeee;border-top-style:solid;border-right-color:#eeeeee;border-right-style:solid;border-bottom-color:#eeeeee;border-bottom-style:solid;border-left-color:#eeeeee;border-left-style:solid;}.kt-accordion-id458_6f0138-44 .kt-accordion-header-wrap .kt-blocks-accordion-header:focus-visible,\n\t\t\t\t.kt-accordion-id458_6f0138-44 > .kt-accordion-inner-wrap > .wp-block-kadence-pane > .kt-accordion-header-wrap > .kt-blocks-accordion-header.kt-accordion-panel-active{border-top-color:#0e9cd1;border-top-style:solid;border-right-color:#0e9cd1;border-right-style:solid;border-bottom-color:#0e9cd1;border-bottom-style:solid;border-left-color:#0e9cd1;border-left-style:solid;}}<\/style>\n<div class=\"wp-block-kadence-accordion alignnone\"><div class=\"kt-accordion-wrap kt-accordion-id458_6f0138-44 kt-accordion-has-4-panes kt-active-pane-0 kt-accordion-block kt-pane-header-alignment-left kt-accodion-icon-style-none kt-accodion-icon-side-right\" style=\"max-width:none\"><div class=\"kt-accordion-inner-wrap\" data-allow-multiple-open=\"false\" data-start-open=\"0\">\n<div class=\"wp-block-kadence-pane kt-accordion-pane kt-accordion-pane-1 kt-pane458_5d76dc-42\"><div class=\"kt-accordion-header-wrap\"><button class=\"kt-blocks-accordion-header kt-acccordion-button-label-show\" type=\"button\"><span class=\"kt-blocks-accordion-title-wrap\"><span class=\"kt-blocks-accordion-title\"><strong><em><mark style=\"background-color:rgba(0, 0, 0, 0)\" class=\"has-inline-color has-theme-palette-1-color\">O\u00f9 et comment sont fabriqu\u00e9s les brigadeiros de Mamachoko ?<\/mark><\/em><\/strong><\/span><\/span><span class=\"kt-blocks-accordion-icon-trigger\"><\/span><\/button><\/div><div class=\"kt-accordion-panel kt-accordion-panel-hidden\"><div class=\"kt-accordion-panel-inner\">\n<p>Nos brigadeiros sont fabriqu\u00e9s \u00e0 Nice avec amour et patience pour que vous puisser appr\u00e9cier l'exp\u00e9rience gustative de A \u00e0 Z !<\/p>\n<\/div><\/div><\/div>\n\n\n\n<div class=\"wp-block-kadence-pane kt-accordion-pane kt-accordion-pane-2 kt-pane458_1cfaa4-44\"><div class=\"kt-accordion-header-wrap\"><button class=\"kt-blocks-accordion-header kt-acccordion-button-label-show\" type=\"button\"><span class=\"kt-blocks-accordion-title-wrap\"><span class=\"kt-blocks-accordion-title\"><strong><em><mark style=\"background-color:rgba(0, 0, 0, 0)\" class=\"has-inline-color has-theme-palette-1-color\">Comment conserver les brigadeiros de MamaChoko ?<\/mark><\/em><\/strong><\/span><\/span><span class=\"kt-blocks-accordion-icon-trigger\"><\/span><\/button><\/div><div class=\"kt-accordion-panel kt-accordion-panel-hidden\"><div class=\"kt-accordion-panel-inner\">\n<p>La meilleure fa\u00e7on de les conserver c'est \u00e0 temp\u00e9rature ambiante. Conservez les dans un endroit sec \u00e0 l'abri de la chaleur pendant maximum 5 jours. Vous pouvez aussi les mettre dans une bo\u00eete h\u00e9rm\u00e9tique et au frigo jusqu'\u00e0 1 semaine.<br>Souvenez vous que la meilleure fa\u00e7on de les d\u00e9guster, c'est rapidement !<\/p>\n<\/div><\/div><\/div>\n\n\n\n<div class=\"wp-block-kadence-pane kt-accordion-pane kt-accordion-pane-3 kt-pane458_fe8361-a2\"><div class=\"kt-accordion-header-wrap\"><button class=\"kt-blocks-accordion-header kt-acccordion-button-label-show\" type=\"button\"><span class=\"kt-blocks-accordion-title-wrap\"><span class=\"kt-blocks-accordion-title\"><strong><em><mark style=\"background-color:rgba(0, 0, 0, 0)\" class=\"has-inline-color has-theme-palette-1-color\">Informations Allergies<\/mark><\/em><\/strong><\/span><\/span><span class=\"kt-blocks-accordion-icon-trigger\"><\/span><\/button><\/div><div class=\"kt-accordion-panel kt-accordion-panel-hidden\"><div class=\"kt-accordion-panel-inner\">\n<p>Tous nos brigadeiros contiennent du lait.<br>De plus, certaines saveurs peuvent contenir des noix, comme dans la Nutty Box.<br>Nous n'utilisons pas de farine ou d'oeufs mais des traces peuvent \u00eatre pr\u00e9sentes car d'autres desserts sont fabriqu\u00e9s dans nos cuisines.<\/p>\n<\/div><\/div><\/div>\n\n\n\n<div class=\"wp-block-kadence-pane kt-accordion-pane kt-accordion-pane-4 kt-pane458_742d66-16\"><div class=\"kt-accordion-header-wrap\"><button class=\"kt-blocks-accordion-header kt-acccordion-button-label-show\" type=\"button\"><span class=\"kt-blocks-accordion-title-wrap\"><span class=\"kt-blocks-accordion-title\"><strong><em><mark style=\"background-color:rgba(0, 0, 0, 0)\" class=\"has-inline-color has-theme-palette-1-color\">Livrez vous \u00e0 l'international ?<\/mark><\/em><\/strong><\/span><\/span><span class=\"kt-blocks-accordion-icon-trigger\"><\/span><\/button><\/div><div class=\"kt-accordion-panel kt-accordion-panel-hidden\"><div class=\"kt-accordion-panel-inner\">\n<p>Mamachoko adorerait livrer partout, mais pour l'instant nous ne livrons qu'\u00e0 Nice et alentours.<\/p>\n<\/div><\/div><\/div>\n<\/div><\/div><\/div>\n<\/div><\/div>\n\n<\/div><\/div>\n\n\n<div style=\"height:147px\" aria-hidden=\"true\" class=\"wp-block-spacer\"><\/div>\n\n\n\n<div style=\"height:100px\" aria-hidden=\"true\" class=\"wp-block-spacer\"><\/div>\n\n\n\n<style>.site-footer-wrap{background: #cad2c3;}<\/style>\n\n\n\n<div style=\"text-align:center; margin-top:70px; margin-bottom:90px; max-width:900px; margin-left:auto; margin-right:auto;\">\n\n  <!-- Subtle Gold Divider -->\n  <div style=\"width:60px; height:2px; background:#C6A75E; margin:0 auto 35px auto;\"><\/div>\n\n  <!-- Gentle encouragement line -->\n  <p style=\"margin-bottom:45px; color:#444; font-size:23px; line-height:1.6;\">\n    Des questions? Demandez-moi !\n  <\/p>\n\n  <!-- WhatsApp Button -->\n  <a href=\"https:\/\/wa.me\/33675745034?text=Bonjour!%20Je%20souhaite%20commander%20une%20bo\u00eete%20de%20brigadeiros\"\n     class=\"mamachoko-btn whatsapp\"\n     style=\"display:inline-block; padding:26px 62px; margin:10px;             background:#E9F5F0; color:#000000; font-weight:500;             border-radius:50px; text-decoration:none; font-size:22px;             letter-spacing:0.5px; transition: all 0.3s ease;\">\n     Order via WhatsApp\n  <\/a>\n\n  <!-- Instagram Button -->\n  <a href=\"https:\/\/www.instagram.com\/mamachokoshop\/\"\n     class=\"mamachoko-btn instagram\"\n     style=\"display:inline-block; padding:26px 62px; margin:10px;             background:#ffffff; color:#2f2f2f; border:1px solid #C6A75E;             font-weight:500; border-radius:50px; text-decoration:none;             font-size:22px; letter-spacing:0.5px; transition: all 0.3s ease;\">\n     Order via Instagram\n  <\/a>\n\n  <!-- Email Button -->\n  <a href=\"mailto:hellomamachoko@gmail.com\"\n     class=\"mamachoko-btn email\"\n     style=\"display:inline-block; padding:26px 62px; margin:10px;             background:#F0DED1; color:#2f2f2f; font-weight:500;             border-radius:50px; text-decoration:none; font-size:22px;             letter-spacing:0.5px; border:1px solid #C6A75E; transition: all 0.3s ease;\">\n     Email Us\n  <\/a>\n\n<\/div>\n\n<!-- Hover Effects -->\n<style>\n  .mamachoko-btn.whatsapp:hover,\n  .mamachoko-btn.email:hover {\n    transform: translateY(-4px);\n    box-shadow: 0 8px 20px rgba(0,0,0,0.1);\n  }\n\n  .mamachoko-btn.instagram:hover {\n    background:#C6A75E;\n    color:#ffffff;\n    border-color:#C6A75E;\n    transform: translateY(-4px);\n  }\n<\/style>\n\n\n\n<div style=\"height:100px\" aria-hidden=\"true\" class=\"wp-block-spacer\"><\/div>\n\n\n\n<hr class=\"wp-block-separator has-alpha-channel-opacity\"\/>","protected":false},"excerpt":{"rendered":"<p>FAQ Any questions? Just ask me! Orders are prepared fresh. Reserve your favorite box today. Order via WhatsApp Order via Instagram Email Us<\/p>","protected":false},"author":1,"featured_media":0,"parent":0,"menu_order":0,"comment_status":"closed","ping_status":"closed","template":"","meta":{"om_disable_all_campaigns":false,"_kadence_starter_templates_imported_post":true,"_kad_post_transparent":"","_kad_post_title":"","_kad_post_layout":"","_kad_post_sidebar_id":"","_kad_post_content_style":"","_kad_post_vertical_padding":"","_kad_post_feature":"","_kad_post_feature_position":"","_kad_post_header":false,"_kad_post_footer":false,"_kad_post_classname":"","footnotes":""},"class_list":["post-458","page","type-page","status-publish","hentry"],"_links":{"self":[{"href":"https:\/\/www.mamachoko.com\/fr\/wp-json\/wp\/v2\/pages\/458","targetHints":{"allow":["GET"]}}],"collection":[{"href":"https:\/\/www.mamachoko.com\/fr\/wp-json\/wp\/v2\/pages"}],"about":[{"href":"https:\/\/www.mamachoko.com\/fr\/wp-json\/wp\/v2\/types\/page"}],"author":[{"embeddable":true,"href":"https:\/\/www.mamachoko.com\/fr\/wp-json\/wp\/v2\/users\/1"}],"replies":[{"embeddable":true,"href":"https:\/\/www.mamachoko.com\/fr\/wp-json\/wp\/v2\/comments?post=458"}],"version-history":[{"count":0,"href":"https:\/\/www.mamachoko.com\/fr\/wp-json\/wp\/v2\/pages\/458\/revisions"}],"wp:attachment":[{"href":"https:\/\/www.mamachoko.com\/fr\/wp-json\/wp\/v2\/media?parent=458"}],"curies":[{"name":"wp","href":"https:\/\/api.w.org\/{rel}","templated":true}]}}